{"id":280,"date":"2023-05-23T19:30:42","date_gmt":"2023-05-23T22:30:42","guid":{"rendered":"http:\/\/caurn.eleicoes2023.caubr.gov.br\/?page_id=280"},"modified":"2023-08-28T15:03:39","modified_gmt":"2023-08-28T18:03:39","slug":"sumulas-das-reunioes-e-deliberacoes","status":"publish","type":"page","link":"https:\/\/eleicoes2023.caurn.gov.br\/?page_id=280","title":{"rendered":"S\u00famulas das Reuni\u00f5es e Delibera\u00e7\u00f5es"},"content":{"rendered":"\t\t<div data-elementor-type=\"wp-page\" data-elementor-id=\"280\" class=\"elementor elementor-280\">\n\t\t\t\t\t\t\t\t\t<section class=\"elementor-section elementor-top-section elementor-element elementor-element-971f3be elementor-section-boxed elementor-section-height-default elementor-section-height-default\" data-id=\"971f3be\" data-element_type=\"section\">\n\t\t\t\t\t\t<div class=\"elementor-container elementor-column-gap-default\">\n\t\t\t\t\t<div class=\"elementor-column elementor-col-100 elementor-top-column elementor-element elementor-element-ceceb34\" data-id=\"ceceb34\" data-element_type=\"column\">\n\t\t\t<div class=\"elementor-widget-wrap elementor-element-populated\">\n\t\t\t\t\t\t\t\t<div class=\"elementor-element elementor-element-86392c0 elementor-widget elementor-widget-jet-listing-grid\" data-id=\"86392c0\" data-element_type=\"widget\" data-settings=\"{&quot;columns&quot;:&quot;1&quot;}\" data-widget_type=\"jet-listing-grid.default\">\n\t\t\t\t<div class=\"elementor-widget-container\">\n\t\t\t<div class=\"jet-listing-grid jet-listing\"><div class=\"jet-listing-grid__items grid-col-desk-1 grid-col-tablet-1 grid-col-mobile-1 jet-listing-grid--1505\"  data-nav=\"{&quot;enabled&quot;:true,&quot;type&quot;:&quot;scroll&quot;,&quot;more_el&quot;:null,&quot;query&quot;:{&quot;post_status&quot;:[&quot;publish&quot;],&quot;post_type&quot;:&quot;post&quot;,&quot;posts_per_page&quot;:&quot;6&quot;,&quot;paged&quot;:&quot;1&quot;,&quot;ignore_sticky_posts&quot;:&quot;1&quot;,&quot;tax_query&quot;:[{&quot;taxonomy&quot;:&quot;category&quot;,&quot;field&quot;:&quot;slug&quot;,&quot;terms&quot;:[&quot;sumulas-das-reunioes-e-deliberacoes&quot;],&quot;operator&quot;:&quot;IN&quot;}]},&quot;widget_settings&quot;:{&quot;lisitng_id&quot;:1505,&quot;posts_num&quot;:6,&quot;columns&quot;:1,&quot;columns_tablet&quot;:1,&quot;columns_mobile&quot;:1,&quot;is_archive_template&quot;:&quot;&quot;,&quot;post_status&quot;:[&quot;publish&quot;],&quot;use_random_posts_num&quot;:&quot;&quot;,&quot;max_posts_num&quot;:9,&quot;not_found_message&quot;:&quot;No data was found&quot;,&quot;is_masonry&quot;:false,&quot;equal_columns_height&quot;:&quot;&quot;,&quot;use_load_more&quot;:&quot;yes&quot;,&quot;load_more_id&quot;:&quot;&quot;,&quot;load_more_type&quot;:&quot;scroll&quot;,&quot;load_more_offset&quot;:{&quot;unit&quot;:&quot;px&quot;,&quot;size&quot;:0,&quot;sizes&quot;:[]},&quot;use_custom_post_types&quot;:&quot;&quot;,&quot;custom_post_types&quot;:[],&quot;hide_widget_if&quot;:&quot;&quot;,&quot;carousel_enabled&quot;:&quot;&quot;,&quot;slides_to_scroll&quot;:&quot;1&quot;,&quot;arrows&quot;:&quot;true&quot;,&quot;arrow_icon&quot;:&quot;fa fa-angle-left&quot;,&quot;dots&quot;:&quot;&quot;,&quot;autoplay&quot;:&quot;true&quot;,&quot;autoplay_speed&quot;:5000,&quot;infinite&quot;:&quot;true&quot;,&quot;center_mode&quot;:&quot;&quot;,&quot;effect&quot;:&quot;slide&quot;,&quot;speed&quot;:500,&quot;inject_alternative_items&quot;:&quot;&quot;,&quot;injection_items&quot;:[],&quot;scroll_slider_enabled&quot;:&quot;&quot;,&quot;scroll_slider_on&quot;:[&quot;desktop&quot;,&quot;tablet&quot;,&quot;mobile&quot;],&quot;custom_query&quot;:false,&quot;custom_query_id&quot;:&quot;&quot;,&quot;_element_id&quot;:&quot;&quot;}}\" data-page=\"1\" data-pages=\"3\" data-listing-source=\"posts\" data-listing-id=\"1505\" data-query-id=\"\"><style>.elementor-1505 .elementor-element.elementor-element-1b8e07b{padding:1rem 0rem 2rem 0rem;}.elementor-1505 .elementor-element.elementor-element-75b34d9 > .elementor-widget-wrap > .elementor-widget:not(.elementor-widget__width-auto):not(.elementor-widget__width-initial):not(:last-child):not(.elementor-absolute){margin-bottom:0px;}.elementor-1505 .elementor-element.elementor-element-75b34d9 > .elementor-element-populated{margin:0px 0px 0px 0px;--e-column-margin-right:0px;--e-column-margin-left:0px;padding:0px 0px 0px 0px;}.elementor-1505 .elementor-element.elementor-element-fa9acfc .elementor-heading-title{color:var( --e-global-color-eb0bb4c );font-family:\"Roboto\", Sans-serif;font-size:22px;font-weight:600;}.elementor-1505 .elementor-element.elementor-element-fa9acfc > .elementor-widget-container{padding:0rem 0rem 1rem 0rem;}.elementor-1505 .elementor-element.elementor-element-fa9acfc{width:var( --container-widget-width, 98% );max-width:98%;--container-widget-width:98%;--container-widget-flex-grow:0;}.elementor-1505 .elementor-element.elementor-element-190ff11 .elementor-heading-title{color:var( --e-global-color-eb0bb4c );font-family:\"Roboto\", Sans-serif;font-size:16px;font-weight:400;}.elementor-1505 .elementor-element.elementor-element-190ff11 > .elementor-widget-container{padding:1rem 0rem 1rem 0rem;}.elementor-1505 .elementor-element.elementor-element-c29b5de{text-align:left;color:#063955;font-family:\"Roboto\", Sans-serif;font-size:18px;font-weight:400;}.elementor-1505 .elementor-element.elementor-element-c29b5de > .elementor-widget-container{margin:0px 0px 0px 0px;padding:0rem 0rem 0.5rem 0rem;border-style:solid;border-width:0px 0px 02px 0px;border-color:var( --e-global-color-a6a7d71 );}@media(max-width:1024px){.elementor-1505 .elementor-element.elementor-element-c29b5de{width:100%;max-width:100%;}}@media(max-width:767px){.elementor-1505 .elementor-element.elementor-element-c29b5de{width:100%;max-width:100%;}}\/* Start custom CSS for theme-post-content, class: .elementor-element-c29b5de *\/.elementor-1505 .elementor-element.elementor-element-c29b5de a{\n    color: #063955;\n}\n.elementor-1505 .elementor-element.elementor-element-c29b5de a:before{\n  content: \"\";\n  display: inline-block;\n  width: 25px;\n  height: 35px;\n  background-image: url('https:\/\/eleicoes2023.caubr.gov.br\/wp-content\/uploads\/2023\/05\/pdf.png');\n  background-repeat: no-repeat;\n  background-size: cover;\n  margin-top: 0px;\n  margin-right: 5px; \/* Espa\u00e7amento entre a imagem e o texto *\/\n    \n}\n.elementor-1505 .elementor-element.elementor-element-c29b5de p {\n    padding: 0;\n    margin: 0;\n    line-height: 35px;\n}\/* End custom CSS *\/<\/style><div class=\"jet-listing-grid__item jet-listing-dynamic-post-2703\" data-post-id=\"2703\" >\t\t<div data-elementor-type=\"jet-listing-items\" data-elementor-id=\"1505\" class=\"elementor elementor-1505\">\n\t\t\t\t\t\t\t\t\t<section class=\"elementor-section elementor-top-section elementor-element elementor-element-1b8e07b elementor-section-boxed elementor-section-height-default elementor-section-height-default\" data-id=\"1b8e07b\" data-element_type=\"section\">\n\t\t\t\t\t\t<div class=\"elementor-container elementor-column-gap-default\">\n\t\t\t\t\t<div class=\"elementor-column elementor-col-100 elementor-top-column elementor-element elementor-element-75b34d9\" data-id=\"75b34d9\" data-element_type=\"column\">\n\t\t\t<div class=\"elementor-widget-wrap elementor-element-populated\">\n\t\t\t\t\t\t\t\t<div class=\"elementor-element elementor-element-fa9acfc elementor-widget__width-initial elementor-widget elementor-widget-heading\" data-id=\"fa9acfc\" data-element_type=\"widget\" data-widget_type=\"heading.default\">\n\t\t\t\t<div class=\"elementor-widget-container\">\n\t\t\t<style>\/*! elementor - v3.14.0 - 26-06-2023 *\/\n.elementor-heading-title{padding:0;margin:0;line-height:1}.elementor-widget-heading .elementor-heading-title[class*=elementor-size-]>a{color:inherit;font-size:inherit;line-height:inherit}.elementor-widget-heading .elementor-heading-title.elementor-size-small{font-size:15px}.elementor-widget-heading .elementor-heading-title.elementor-size-medium{font-size:19px}.elementor-widget-heading .elementor-heading-title.elementor-size-large{font-size:29px}.elementor-widget-heading .elementor-heading-title.elementor-size-xl{font-size:39px}.elementor-widget-heading .elementor-heading-title.elementor-size-xxl{font-size:59px}<\/style><h2 class=\"elementor-heading-title elementor-size-default\"><span><img decoding=\"async\" src=\"https:\/\/eleicoes2023.caubr.gov.br\/wp-content\/uploads\/2023\/05\/icone.png\" width=\"18\"><\/span> \u200eRela\u00e7\u00e3o de n\u00e3o votantes das elei\u00e7\u00f5es do CAU 2023<\/h2>\t\t<\/div>\n\t\t\t\t<\/div>\n\t\t\t\t<div class=\"elementor-element elementor-element-190ff11 elementor-widget elementor-widget-heading\" data-id=\"190ff11\" data-element_type=\"widget\" data-widget_type=\"heading.default\">\n\t\t\t\t<div class=\"elementor-widget-container\">\n\t\t\t<h2 class=\"elementor-heading-title elementor-size-default\">27\/10\/2023<\/h2>\t\t<\/div>\n\t\t\t\t<\/div>\n\t\t\t\t<div class=\"elementor-element elementor-element-c29b5de elementor-widget-tablet__width-inherit elementor-widget-mobile__width-inherit elementor-widget elementor-widget-theme-post-content\" data-id=\"c29b5de\" data-element_type=\"widget\" data-widget_type=\"theme-post-content.default\">\n\t\t\t\t<div class=\"elementor-widget-container\">\n\t\t\t<p><a href=\"http:\/\/eleicoes2023.caurn.gov.br\/wp-content\/uploads\/sites\/73\/2023\/10\/20.-Eleitores-Ausentes-2023_RN.pdf\">Acessar anexo<\/a><\/p>\n\t\t<\/div>\n\t\t\t\t<\/div>\n\t\t\t\t\t<\/div>\n\t\t<\/div>\n\t\t\t\t\t\t\t<\/div>\n\t\t<\/section>\n\t\t\t\t\t\t\t<\/div>\n\t\t<\/div><div class=\"jet-listing-grid__item jet-listing-dynamic-post-2700\" data-post-id=\"2700\" >\t\t<div data-elementor-type=\"jet-listing-items\" data-elementor-id=\"1505\" class=\"elementor elementor-1505\">\n\t\t\t\t\t\t\t\t\t<section class=\"elementor-section elementor-top-section elementor-element elementor-element-1b8e07b elementor-section-boxed elementor-section-height-default elementor-section-height-default\" data-id=\"1b8e07b\" data-element_type=\"section\">\n\t\t\t\t\t\t<div class=\"elementor-container elementor-column-gap-default\">\n\t\t\t\t\t<div class=\"elementor-column elementor-col-100 elementor-top-column elementor-element elementor-element-75b34d9\" data-id=\"75b34d9\" data-element_type=\"column\">\n\t\t\t<div class=\"elementor-widget-wrap elementor-element-populated\">\n\t\t\t\t\t\t\t\t<div class=\"elementor-element elementor-element-fa9acfc elementor-widget__width-initial elementor-widget elementor-widget-heading\" data-id=\"fa9acfc\" data-element_type=\"widget\" data-widget_type=\"heading.default\">\n\t\t\t\t<div class=\"elementor-widget-container\">\n\t\t\t<h2 class=\"elementor-heading-title elementor-size-default\"><span><img decoding=\"async\" src=\"https:\/\/eleicoes2023.caubr.gov.br\/wp-content\/uploads\/2023\/05\/icone.png\" width=\"18\"><\/span> \u200eDivulga\u00e7\u00e3o do extrato de impugna\u00e7\u00e3o do resultado das elei\u00e7\u00f5es 2023 do CAU<\/h2>\t\t<\/div>\n\t\t\t\t<\/div>\n\t\t\t\t<div class=\"elementor-element elementor-element-190ff11 elementor-widget elementor-widget-heading\" data-id=\"190ff11\" data-element_type=\"widget\" data-widget_type=\"heading.default\">\n\t\t\t\t<div class=\"elementor-widget-container\">\n\t\t\t<h2 class=\"elementor-heading-title elementor-size-default\">27\/10\/2023<\/h2>\t\t<\/div>\n\t\t\t\t<\/div>\n\t\t\t\t<div class=\"elementor-element elementor-element-c29b5de elementor-widget-tablet__width-inherit elementor-widget-mobile__width-inherit elementor-widget elementor-widget-theme-post-content\" data-id=\"c29b5de\" data-element_type=\"widget\" data-widget_type=\"theme-post-content.default\">\n\t\t\t\t<div class=\"elementor-widget-container\">\n\t\t\t<p><a href=\"http:\/\/eleicoes2023.caurn.gov.br\/wp-content\/uploads\/sites\/73\/2023\/10\/DIVULGACAO_IMPUGNACAO_RESULTADO_27.10.2023_assinado.pdf\">Acessar anexo<\/a><\/p>\n\t\t<\/div>\n\t\t\t\t<\/div>\n\t\t\t\t\t<\/div>\n\t\t<\/div>\n\t\t\t\t\t\t\t<\/div>\n\t\t<\/section>\n\t\t\t\t\t\t\t<\/div>\n\t\t<\/div><div class=\"jet-listing-grid__item jet-listing-dynamic-post-2681\" data-post-id=\"2681\" >\t\t<div data-elementor-type=\"jet-listing-items\" data-elementor-id=\"1505\" class=\"elementor elementor-1505\">\n\t\t\t\t\t\t\t\t\t<section class=\"elementor-section elementor-top-section elementor-element elementor-element-1b8e07b elementor-section-boxed elementor-section-height-default elementor-section-height-default\" data-id=\"1b8e07b\" data-element_type=\"section\">\n\t\t\t\t\t\t<div class=\"elementor-container elementor-column-gap-default\">\n\t\t\t\t\t<div class=\"elementor-column elementor-col-100 elementor-top-column elementor-element elementor-element-75b34d9\" data-id=\"75b34d9\" data-element_type=\"column\">\n\t\t\t<div class=\"elementor-widget-wrap elementor-element-populated\">\n\t\t\t\t\t\t\t\t<div class=\"elementor-element elementor-element-fa9acfc elementor-widget__width-initial elementor-widget elementor-widget-heading\" data-id=\"fa9acfc\" data-element_type=\"widget\" data-widget_type=\"heading.default\">\n\t\t\t\t<div class=\"elementor-widget-container\">\n\t\t\t<h2 class=\"elementor-heading-title elementor-size-default\"><span><img decoding=\"async\" src=\"https:\/\/eleicoes2023.caubr.gov.br\/wp-content\/uploads\/2023\/05\/icone.png\" width=\"18\"><\/span> \u200eDivulga\u00e7\u00e3o do resultado da elei\u00e7\u00e3o no Rio Grande do Norte<\/h2>\t\t<\/div>\n\t\t\t\t<\/div>\n\t\t\t\t<div class=\"elementor-element elementor-element-190ff11 elementor-widget elementor-widget-heading\" data-id=\"190ff11\" data-element_type=\"widget\" data-widget_type=\"heading.default\">\n\t\t\t\t<div class=\"elementor-widget-container\">\n\t\t\t<h2 class=\"elementor-heading-title elementor-size-default\">19\/10\/2023<\/h2>\t\t<\/div>\n\t\t\t\t<\/div>\n\t\t\t\t<div class=\"elementor-element elementor-element-c29b5de elementor-widget-tablet__width-inherit elementor-widget-mobile__width-inherit elementor-widget elementor-widget-theme-post-content\" data-id=\"c29b5de\" data-element_type=\"widget\" data-widget_type=\"theme-post-content.default\">\n\t\t\t\t<div class=\"elementor-widget-container\">\n\t\t\t<p><a href=\"http:\/\/eleicoes2023.caurn.gov.br\/wp-content\/uploads\/sites\/73\/2023\/10\/20.-CAU.RN_.pdf\">Acessar Anexo<\/a><\/p>\n\t\t<\/div>\n\t\t\t\t<\/div>\n\t\t\t\t\t<\/div>\n\t\t<\/div>\n\t\t\t\t\t\t\t<\/div>\n\t\t<\/section>\n\t\t\t\t\t\t\t<\/div>\n\t\t<\/div><div class=\"jet-listing-grid__item jet-listing-dynamic-post-2677\" data-post-id=\"2677\" >\t\t<div data-elementor-type=\"jet-listing-items\" data-elementor-id=\"1505\" class=\"elementor elementor-1505\">\n\t\t\t\t\t\t\t\t\t<section class=\"elementor-section elementor-top-section elementor-element elementor-element-1b8e07b elementor-section-boxed elementor-section-height-default elementor-section-height-default\" data-id=\"1b8e07b\" data-element_type=\"section\">\n\t\t\t\t\t\t<div class=\"elementor-container elementor-column-gap-default\">\n\t\t\t\t\t<div class=\"elementor-column elementor-col-100 elementor-top-column elementor-element elementor-element-75b34d9\" data-id=\"75b34d9\" data-element_type=\"column\">\n\t\t\t<div class=\"elementor-widget-wrap elementor-element-populated\">\n\t\t\t\t\t\t\t\t<div class=\"elementor-element elementor-element-fa9acfc elementor-widget__width-initial elementor-widget elementor-widget-heading\" data-id=\"fa9acfc\" data-element_type=\"widget\" data-widget_type=\"heading.default\">\n\t\t\t\t<div class=\"elementor-widget-container\">\n\t\t\t<h2 class=\"elementor-heading-title elementor-size-default\"><span><img decoding=\"async\" src=\"https:\/\/eleicoes2023.caubr.gov.br\/wp-content\/uploads\/2023\/05\/icone.png\" width=\"18\"><\/span> \u200eDelibera\u00e7\u00e3o N\u00b0 045\/2023 \u2013 CEN-CAU\/BR<\/h2>\t\t<\/div>\n\t\t\t\t<\/div>\n\t\t\t\t<div class=\"elementor-element elementor-element-190ff11 elementor-widget elementor-widget-heading\" data-id=\"190ff11\" data-element_type=\"widget\" data-widget_type=\"heading.default\">\n\t\t\t\t<div class=\"elementor-widget-container\">\n\t\t\t<h2 class=\"elementor-heading-title elementor-size-default\">19\/10\/2023<\/h2>\t\t<\/div>\n\t\t\t\t<\/div>\n\t\t\t\t<div class=\"elementor-element elementor-element-c29b5de elementor-widget-tablet__width-inherit elementor-widget-mobile__width-inherit elementor-widget elementor-widget-theme-post-content\" data-id=\"c29b5de\" data-element_type=\"widget\" data-widget_type=\"theme-post-content.default\">\n\t\t\t\t<div class=\"elementor-widget-container\">\n\t\t\t<p><a href=\"http:\/\/eleicoes2023.caurn.gov.br\/wp-content\/uploads\/sites\/73\/2023\/10\/deliberacaocen0452023.pdf\">Acessar anexo<\/a><\/p>\n\t\t<\/div>\n\t\t\t\t<\/div>\n\t\t\t\t\t<\/div>\n\t\t<\/div>\n\t\t\t\t\t\t\t<\/div>\n\t\t<\/section>\n\t\t\t\t\t\t\t<\/div>\n\t\t<\/div><div class=\"jet-listing-grid__item jet-listing-dynamic-post-2588\" data-post-id=\"2588\" >\t\t<div data-elementor-type=\"jet-listing-items\" data-elementor-id=\"1505\" class=\"elementor elementor-1505\">\n\t\t\t\t\t\t\t\t\t<section class=\"elementor-section elementor-top-section elementor-element elementor-element-1b8e07b elementor-section-boxed elementor-section-height-default elementor-section-height-default\" data-id=\"1b8e07b\" data-element_type=\"section\">\n\t\t\t\t\t\t<div class=\"elementor-container elementor-column-gap-default\">\n\t\t\t\t\t<div class=\"elementor-column elementor-col-100 elementor-top-column elementor-element elementor-element-75b34d9\" data-id=\"75b34d9\" data-element_type=\"column\">\n\t\t\t<div class=\"elementor-widget-wrap elementor-element-populated\">\n\t\t\t\t\t\t\t\t<div class=\"elementor-element elementor-element-fa9acfc elementor-widget__width-initial elementor-widget elementor-widget-heading\" data-id=\"fa9acfc\" data-element_type=\"widget\" data-widget_type=\"heading.default\">\n\t\t\t\t<div class=\"elementor-widget-container\">\n\t\t\t<h2 class=\"elementor-heading-title elementor-size-default\"><span><img decoding=\"async\" src=\"https:\/\/eleicoes2023.caubr.gov.br\/wp-content\/uploads\/2023\/05\/icone.png\" width=\"18\"><\/span> \u200eChapas Deferidas ap\u00f3s julgamento de recursos &#8211; Elei\u00e7\u00f5es 2023<\/h2>\t\t<\/div>\n\t\t\t\t<\/div>\n\t\t\t\t<div class=\"elementor-element elementor-element-190ff11 elementor-widget elementor-widget-heading\" data-id=\"190ff11\" data-element_type=\"widget\" data-widget_type=\"heading.default\">\n\t\t\t\t<div class=\"elementor-widget-container\">\n\t\t\t<h2 class=\"elementor-heading-title elementor-size-default\">27\/09\/2023<\/h2>\t\t<\/div>\n\t\t\t\t<\/div>\n\t\t\t\t<div class=\"elementor-element elementor-element-c29b5de elementor-widget-tablet__width-inherit elementor-widget-mobile__width-inherit elementor-widget elementor-widget-theme-post-content\" data-id=\"c29b5de\" data-element_type=\"widget\" data-widget_type=\"theme-post-content.default\">\n\t\t\t\t<div class=\"elementor-widget-container\">\n\t\t\t<p><a href=\"http:\/\/eleicoes2023.caurn.gov.br\/wp-content\/uploads\/sites\/73\/2023\/09\/\u2611\ufe0f-13-DIVULGACAO-JULGAMENTO-27.09.2023-assinado.pdf\">Acessar anexo<\/a><\/p>\n\t\t<\/div>\n\t\t\t\t<\/div>\n\t\t\t\t\t<\/div>\n\t\t<\/div>\n\t\t\t\t\t\t\t<\/div>\n\t\t<\/section>\n\t\t\t\t\t\t\t<\/div>\n\t\t<\/div><div class=\"jet-listing-grid__item jet-listing-dynamic-post-2576\" data-post-id=\"2576\" >\t\t<div data-elementor-type=\"jet-listing-items\" data-elementor-id=\"1505\" class=\"elementor elementor-1505\">\n\t\t\t\t\t\t\t\t\t<section class=\"elementor-section elementor-top-section elementor-element elementor-element-1b8e07b elementor-section-boxed elementor-section-height-default elementor-section-height-default\" data-id=\"1b8e07b\" data-element_type=\"section\">\n\t\t\t\t\t\t<div class=\"elementor-container elementor-column-gap-default\">\n\t\t\t\t\t<div class=\"elementor-column elementor-col-100 elementor-top-column elementor-element elementor-element-75b34d9\" data-id=\"75b34d9\" data-element_type=\"column\">\n\t\t\t<div class=\"elementor-widget-wrap elementor-element-populated\">\n\t\t\t\t\t\t\t\t<div class=\"elementor-element elementor-element-fa9acfc elementor-widget__width-initial elementor-widget elementor-widget-heading\" data-id=\"fa9acfc\" data-element_type=\"widget\" data-widget_type=\"heading.default\">\n\t\t\t\t<div class=\"elementor-widget-container\">\n\t\t\t<h2 class=\"elementor-heading-title elementor-size-default\"><span><img decoding=\"async\" src=\"https:\/\/eleicoes2023.caubr.gov.br\/wp-content\/uploads\/2023\/05\/icone.png\" width=\"18\"><\/span> \u200eCol\u00e9gio Eleitoral das Elei\u00e7\u00f5es 2023 do CAU\/RN<\/h2>\t\t<\/div>\n\t\t\t\t<\/div>\n\t\t\t\t<div class=\"elementor-element elementor-element-190ff11 elementor-widget elementor-widget-heading\" data-id=\"190ff11\" data-element_type=\"widget\" data-widget_type=\"heading.default\">\n\t\t\t\t<div class=\"elementor-widget-container\">\n\t\t\t<h2 class=\"elementor-heading-title elementor-size-default\">26\/09\/2023<\/h2>\t\t<\/div>\n\t\t\t\t<\/div>\n\t\t\t\t<div class=\"elementor-element elementor-element-c29b5de elementor-widget-tablet__width-inherit elementor-widget-mobile__width-inherit elementor-widget elementor-widget-theme-post-content\" data-id=\"c29b5de\" data-element_type=\"widget\" data-widget_type=\"theme-post-content.default\">\n\t\t\t\t<div class=\"elementor-widget-container\">\n\t\t\t<p><a href=\"http:\/\/eleicoes2023.caurn.gov.br\/wp-content\/uploads\/sites\/73\/2023\/09\/20.-_Divulgacao-Colegio-Eleitoral-RN-1.pdf\">Acessar anexo<\/a><\/p>\n\t\t<\/div>\n\t\t\t\t<\/div>\n\t\t\t\t\t<\/div>\n\t\t<\/div>\n\t\t\t\t\t\t\t<\/div>\n\t\t<\/section>\n\t\t\t\t\t\t\t<\/div>\n\t\t<\/div><\/div><div class=\"jet-listing-grid__loader\"><div class=\"jet-listing-grid__loader-spinner\"><\/div><\/div><\/div>\t\t<\/div>\n\t\t\t\t<\/div>\n\t\t\t\t\t<\/div>\n\t\t<\/div>\n\t\t\t\t\t\t\t<\/div>\n\t\t<\/section>\n\t\t\t\t\t\t\t<\/div>\n\t\t","protected":false},"excerpt":{"rendered":"<p>.elementor-1505 .elementor-element.elementor-element-1b8e07b{padding:1rem 0rem 2rem 0rem;}.elementor-1505 .elementor-element.elementor-element-75b34d9 &gt; .elementor-widget-wrap &gt; .elementor-widget:not(.elementor-widget__width-auto):not(.elementor-widget__width-initial):not(:last-child):not(.elementor-absolute){margin-bottom:0px;}.elementor-1505 .elementor-element.elementor-element-75b34d9 &gt; .elementor-element-populated{margin:0px 0px 0px 0px;&#8211;e-column-margin-right:0px;&#8211;e-column-margin-left:0px;padding:0px 0px 0px 0px;}.elementor-1505 .elementor-element.elementor-element-fa9acfc .elementor-heading-title{color:var( &#8211;e-global-color-eb0bb4c );font-family:&#8221;Roboto&#8221;, Sans-serif;font-size:22px;font-weight:600;}.elementor-1505 .elementor-element.elementor-element-fa9acfc &gt; .elementor-widget-container{padding:0rem 0rem 1rem 0rem;}.elementor-1505 .elementor-element.elementor-element-fa9acfc{width:var( &#8211;container-widget-width, 98% );max-width:98%;&#8211;container-widget-width:98%;&#8211;container-widget-flex-grow:0;}.elementor-1505 .elementor-element.elementor-element-190ff11 .elementor-heading-title{color:var( &#8211;e-global-color-eb0bb4c );font-family:&#8221;Roboto&#8221;, Sans-serif;font-size:16px;font-weight:400;}.elementor-1505 .elementor-element.elementor-element-190ff11 &gt; .elementor-widget-container{padding:1rem 0rem 1rem 0rem;}.elementor-1505 .elementor-element.elementor-element-c29b5de{text-align:left;color:#063955;font-family:&#8221;Roboto&#8221;, Sans-serif;font-size:18px;font-weight:400;}.elementor-1505 .elementor-element.elementor-element-c29b5de &gt; .elementor-widget-container{margin:0px 0px 0px 0px;padding:0rem 0rem 0.5rem [&hellip;]<\/p>\n","protected":false},"author":1,"featured_media":0,"parent":0,"menu_order":0,"comment_status":"closed","ping_status":"closed","template":"","meta":[],"acf":[],"_links":{"self":[{"href":"https:\/\/eleicoes2023.caurn.gov.br\/index.php?rest_route=\/wp\/v2\/pages\/280"}],"collection":[{"href":"https:\/\/eleicoes2023.caurn.gov.br\/index.php?rest_route=\/wp\/v2\/pages"}],"about":[{"href":"https:\/\/eleicoes2023.caurn.gov.br\/index.php?rest_route=\/wp\/v2\/types\/page"}],"author":[{"embeddable":true,"href":"https:\/\/eleicoes2023.caurn.gov.br\/index.php?rest_route=\/wp\/v2\/users\/1"}],"replies":[{"embeddable":true,"href":"https:\/\/eleicoes2023.caurn.gov.br\/index.php?rest_route=%2Fwp%2Fv2%2Fcomments&post=280"}],"version-history":[{"count":29,"href":"https:\/\/eleicoes2023.caurn.gov.br\/index.php?rest_route=\/wp\/v2\/pages\/280\/revisions"}],"predecessor-version":[{"id":2483,"href":"https:\/\/eleicoes2023.caurn.gov.br\/index.php?rest_route=\/wp\/v2\/pages\/280\/revisions\/2483"}],"wp:attachment":[{"href":"https:\/\/eleicoes2023.caurn.gov.br\/index.php?rest_route=%2Fwp%2Fv2%2Fmedia&parent=280"}],"curies":[{"name":"wp","href":"https:\/\/api.w.org\/{rel}","templated":true}]}}